{"id":18870,"date":"2023-04-02T21:43:29","date_gmt":"2023-04-02T19:43:29","guid":{"rendered":"https:\/\/www.luzinterruptus.com?page_id=18870"},"modified":"2023-04-02T23:09:24","modified_gmt":"2023-04-02T21:09:24","slug":"proyectos","status":"publish","type":"page","link":"https:\/\/www.luzinterruptus.com\/?page_id=18870","title":{"rendered":"Proyectos"},"content":{"rendered":"<table id=\"tablaProyectos\">\n<tbody>\n<tr>\n<td id=\"tablaProyectosColumna1\">\n<table id=\"tablaProyectos\">\n<tbody>\n<tr>\n<td id=\"tablaProyectosColumna1\"><a href=\"https:\/\/www.luzinterruptus.com\/?p=9368\"><img fetchpriority=\"high\" decoding=\"async\" class=\"aligncenter size-full wp-image-4484\" src=\"https:\/\/www.luzinterruptus.com\/works\/wp-content\/uploads\/2023\/03\/Plasticfountain02-2-scaled-1.jpg\" alt=\"\" width=\"2560\" height=\"1566\" \/>Fuente pl\u00e1stica para un futuro sin agua<br \/><\/a><\/td>\n<\/tr>\n<\/tbody>\n<\/table>\n<p><a href=\"https:\/\/www.luzinterruptus.com\/?p=8967\"><img decoding=\"async\" class=\"aligncenter size-full wp-image-4442\" src=\"https:\/\/www.luzinterruptus.com\/works\/wp-content\/uploads\/2022\/12\/sabanas-central-park-1024x757-1.jpg\" alt=\"\" width=\"1024\" height=\"757\" \/><\/a><a href=\"https:\/\/www.luzinterruptus.com\/?p=8967\">Paisajes Tendidos. Intervenci\u00f3n bajamente tecno<\/a><a href=\"https:\/\/www.luzinterruptus.com\/?p=8967\">l\u00f3gica hecha con tela blanca, viento, luz y olor a limpio<\/a><\/p>\n<table id=\"tablaProyectos\">\n<tbody>\n<tr>\n<td id=\"tablaProyectosColumna1\"><a href=\"https:\/\/www.luzinterruptus.com\/?p=8854\"><img decoding=\"async\" class=\"aligncenter size-full wp-image-4428\" src=\"https:\/\/www.luzinterruptus.com\/works\/wp-content\/uploads\/2022\/11\/conosl-uz-color-completo-2-1-1024x683-1.jpg\" alt=\"\" width=\"1024\" height=\"683\" \/> Habitando la luz urbana (Una acci\u00f3n par\u00e1sita para farolas)<br \/><\/a><\/p>\n<p>&nbsp;<\/p>\n<p><a href=\"https:\/\/www.luzinterruptus.com\/?p=8831\"><img loading=\"lazy\" decoding=\"async\" class=\"aligncenter size-full wp-image-4427\" src=\"https:\/\/www.luzinterruptus.com\/works\/wp-content\/uploads\/2022\/11\/arbol-navidad-completo-2-1024x683-3.jpg\" alt=\"\" width=\"1024\" height=\"683\" \/>\u00c1rboles de Navidad que lucen sin consumir (Una acci\u00f3n par\u00e1sita para farolas)<br \/><\/a><\/p>\n<\/td>\n<\/tr>\n<\/tbody>\n<\/table>\n<p><a href=\"https:\/\/www.luzinterruptus.com\/?p=8380\"><img loading=\"lazy\" decoding=\"async\" class=\"aligncenter size-full wp-image-4392\" src=\"https:\/\/www.luzinterruptus.com\/works\/wp-content\/uploads\/2022\/03\/Ilustracion1-1024x745-1.jpg\" alt=\"\" width=\"1024\" height=\"745\" \/>Mostrando lo que duele<\/a><\/p>\n<p><a href=\"https:\/\/www.luzinterruptus.com\/?p=7960\"><img loading=\"lazy\" decoding=\"async\" class=\"aligncenter size-full wp-image-4368\" src=\"https:\/\/www.luzinterruptus.com\/works\/wp-content\/uploads\/2021\/12\/Boceto_05-1024x736-1.jpg\" alt=\"\" width=\"1024\" height=\"736\" \/><\/a><a href=\"https:\/\/www.luzinterruptus.com\/?p=7960\">R\u00e1fagas de pl\u00e1stico que se escapan por las ventanas<\/a><\/p>\n<p><a href=\"https:\/\/www.luzinterruptus.com\/?p=7980\"><img loading=\"lazy\" decoding=\"async\" class=\"wp-image-4362 alignleft\" src=\"https:\/\/www.luzinterruptus.com\/works\/wp-content\/uploads\/2021\/12\/completa-modificada-.jpg\" alt=\"\" width=\"542\" height=\"437\" \/><\/a><\/p>\n<p><a href=\"https:\/\/www.luzinterruptus.com\/?p=7980\">Christmas Concertina \/ Concertina navide\u00f1a<\/a><\/p>\n<p><a href=\"https:\/\/www.luzinterruptus.com\/?p=7609\"><img loading=\"lazy\" decoding=\"async\" class=\"alignnone size-medium wp-image-4340\" src=\"https:\/\/www.luzinterruptus.com\/works\/wp-content\/uploads\/2021\/08\/explicacion-1-1024x593-1-500x290.jpg\" alt=\"\" width=\"500\" height=\"290\" \/><\/a><a title=\"Enlace permanente a Hanging Landscapes. A Simple Intervention to Improve Deteriorated Landscapes with White Fabric, Light, and a Clean Smell \/ Paisajes Tendidos. Una sencilla intervenci\u00f3n para mejorar paisajes deteriorados, con tela blanca, luz y olor a limpio\" href=\"https:\/\/www.luzinterruptus.com\/?p=7609\" rel=\"bookmark\">Paisajes Tendidos. Una sencilla intervenci\u00f3n para mejorar paisajes deteriorados, con tela blanca, luz y olor a limpio<\/a><\/p>\n<p><a href=\"https:\/\/www.luzinterruptus.com\/?p=7433\"><img loading=\"lazy\" decoding=\"async\" class=\"alignnone size-medium wp-image-4315\" src=\"https:\/\/www.luzinterruptus.com\/works\/wp-content\/uploads\/2020\/12\/Chrismas_BOX-ojos-500x396.jpg\" alt=\"\" width=\"500\" height=\"396\" \/><\/a><\/p>\n<p><a href=\"https:\/\/www.luzinterruptus.com\/?p=7433\">Cuando despertamos, la selva ya no estaba all\u00ed\u2026 estaba aqu\u00ed<\/a><\/p>\n<p><a href=\"https:\/\/www.luzinterruptus.com\/?p=7398\"><img loading=\"lazy\" decoding=\"async\" class=\"alignnone size-medium wp-image-4309\" src=\"https:\/\/www.luzinterruptus.com\/works\/wp-content\/uploads\/2020\/09\/3-arboles-noche-1024x717-500x350.jpg\" alt=\"\" width=\"500\" height=\"350\" \/>Hoja por Hoja <\/a><\/p>\n<p><a href=\"https:\/\/www.luzinterruptus.com\/?p=7359\"><img loading=\"lazy\" decoding=\"async\" class=\"alignnone size-medium wp-image-4296\" src=\"https:\/\/www.luzinterruptus.com\/works\/wp-content\/uploads\/2020\/06\/detalleI-500x361.jpg\" alt=\"\" width=\"500\" height=\"361\" \/> <\/a><\/p>\n<p><a href=\"https:\/\/www.luzinterruptus.com\/?p=7359\">Lo que queda enganchado al paisaje<\/a><\/p>\n<p><a href=\"https:\/\/www.luzinterruptus.com\/?p=7310\"><img loading=\"lazy\" decoding=\"async\" class=\" wp-image-4284 aligncenter\" src=\"https:\/\/www.luzinterruptus.com\/works\/wp-content\/uploads\/2020\/03\/arbol-y-plastico-baja-768x1024-375x500.jpg\" alt=\"\" width=\"393\" height=\"524\" \/><\/a><\/p>\n<p><a href=\"https:\/\/www.luzinterruptus.com\/?p=7310\">Banderas casuales para ideolog\u00edas t\u00f3xicas<\/a><\/p>\n<p><a href=\"https:\/\/www.luzinterruptus.com\/?p=7227\"><img loading=\"lazy\" decoding=\"async\" class=\"aligncenter size-full wp-image-4271\" src=\"https:\/\/www.luzinterruptus.com\/works\/wp-content\/uploads\/2019\/12\/arbolencendido-736x1024.jpg\" alt=\"\" width=\"736\" height=\"1024\" \/><\/a><\/p>\n<p><a href=\"https:\/\/www.luzinterruptus.com\/?p=7227\">Arbol que arde sin quemar<\/a><\/p>\n<p><img loading=\"lazy\" decoding=\"async\" class=\"aligncenter size-full wp-image-3852\" src=\"https:\/\/www.luzinterruptus.com\/works\/wp-content\/uploads\/2019\/08\/libros-intervenidos-dia-909x1024.jpg\" alt=\"\" width=\"909\" height=\"1024\" \/><\/p>\n<p><a href=\"https:\/\/www.luzinterruptus.com\/?p=6592\">Muro para quitarse el miedo<\/a><\/p>\n<p><a href=\"https:\/\/www.luzinterruptus.com\/?p=6172\"><img loading=\"lazy\" decoding=\"async\" class=\"aligncenter size-full wp-image-3793\" src=\"https:\/\/www.luzinterruptus.com\/works\/wp-content\/uploads\/2019\/04\/general-alta-resolucion-retocada.jpg\" alt=\"\" width=\"1000\" height=\"748\" \/><\/a><\/p>\n<p><a href=\"https:\/\/www.luzinterruptus.com\/?p=6172\">V\u00f3mito de pl\u00e1sticos<\/a><\/p>\n<p><a href=\"https:\/\/www.luzinterruptus.com\/?p=6067\"><img loading=\"lazy\" decoding=\"async\" class=\"aligncenter size-full wp-image-3760\" src=\"https:\/\/www.luzinterruptus.com\/works\/wp-content\/uploads\/2019\/03\/2019_01_06_big_OPCION-02-nowater-1-1024x372.jpg\" alt=\"\" width=\"456\" height=\"372\" \/><\/a><\/p>\n<p><a href=\"https:\/\/www.luzinterruptus.com\/?p=6088\">A por agua\u2026<img loading=\"lazy\" decoding=\"async\" class=\"aligncenter size-full wp-image-3747\" src=\"https:\/\/www.luzinterruptus.com\/works\/wp-content\/uploads\/2019\/03\/P1c-2-baja-765x1024.jpg\" alt=\"\" width=\"765\" height=\"1024\" \/><\/a><\/p>\n<p><a href=\"https:\/\/www.luzinterruptus.com\/?p=6046\">Constelaciones permanentes para cielos contaminados<br \/><img loading=\"lazy\" decoding=\"async\" class=\"aligncenter size-full wp-image-3735\" src=\"https:\/\/www.luzinterruptus.com\/works\/wp-content\/uploads\/2019\/01\/detalle-baja.jpg\" alt=\"\" width=\"1800\" height=\"3003\" \/><\/a><\/p>\n<p><a href=\"https:\/\/www.luzinterruptus.com\/?p=6046\">Luna Llena (de pl\u00e1stico)<\/a><\/p>\n<p><a href=\"https:\/\/www.luzinterruptus.com\/?p=5619\"><img loading=\"lazy\" decoding=\"async\" src=\"https:\/\/www.luzinterruptus.com\/works\/wp-content\/uploads\/2014\/09\/20.jpg\" alt=\"20\" width=\"592\" height=\"425\" \/><\/a><\/p>\n<p style=\"font-weight: 300;\"><a href=\"https:\/\/www.luzinterruptus.com\/?p=5619\">Cementerio de pl\u00e1sticos<\/a><\/p>\n<table id=\"tablaProyectos\" style=\"font-weight: 300;\">\n<tbody>\n<tr>\n<td id=\"tablaProyectosColumna1\"><a href=\"https:\/\/www.luzinterruptus.com\/?p=5215\"><img loading=\"lazy\" decoding=\"async\" src=\"https:\/\/www.luzinterruptus.com\/works\/wp-content\/uploads\/2018\/04\/00.jpg\" alt=\"00\" width=\"709\" height=\"403\" \/><\/a><a href=\"https:\/\/www.luzinterruptus.com\/?p=5215\">Naturaleza en obras<\/a><\/td>\n<\/tr>\n<\/tbody>\n<\/table>\n<p style=\"font-weight: 300;\">\u00a0<\/p>\n<p style=\"font-weight: 300;\">\u00a0<\/p>\n<p style=\"font-weight: 300;\">\u00a0<\/p>\n<\/td>\n<td id=\"tablaProyectosColumna2\">\n<p style=\"font-weight: 300;\"><a href=\"https:\/\/www.luzinterruptus.com\/?p=4743\"><img loading=\"lazy\" decoding=\"async\" class=\"aligncenter size-full wp-image-3568\" src=\"https:\/\/www.luzinterruptus.com\/works\/wp-content\/uploads\/2014\/09\/01.jpg\" alt=\"01\" width=\"592\" height=\"425\" \/>Constelaciones para cielos contaminados<\/a><\/p>\n<p style=\"font-weight: 300;\"><a href=\"https:\/\/www.luzinterruptus.com\/?p=4757\"><img loading=\"lazy\" decoding=\"async\" class=\"aligncenter size-full wp-image-3567\" src=\"https:\/\/www.luzinterruptus.com\/works\/wp-content\/uploads\/2014\/09\/0121.jpg\" alt=\"012\" width=\"1007\" height=\"738\" \/>El tiempo en hojas blancas<\/a><\/p>\n<p><a href=\"https:\/\/www.luzinterruptus.com\/?p=4801\"><img loading=\"lazy\" decoding=\"async\" class=\"aligncenter size-full wp-image-3563\" src=\"https:\/\/www.luzinterruptus.com\/works\/wp-content\/uploads\/2014\/09\/014.jpg\" sizes=\"(max-width: 846px) 100vw, 846px\" srcset=\"https:\/\/www.luzinterruptus.com\/works\/wp-content\/uploads\/2014\/09\/014.jpg 846w, https:\/\/www.luzinterruptus.com\/works\/wp-content\/uploads\/2014\/09\/014-500x335.jpg 500w, https:\/\/www.luzinterruptus.com\/works\/wp-content\/uploads\/2014\/09\/014-253x170.jpg 253w, https:\/\/www.luzinterruptus.com\/works\/wp-content\/uploads\/2014\/09\/014-167x111.jpg 167w, https:\/\/www.luzinterruptus.com\/works\/wp-content\/uploads\/2014\/09\/014-344x230.jpg 344w, https:\/\/www.luzinterruptus.com\/works\/wp-content\/uploads\/2014\/09\/014-283x189.jpg 283w, https:\/\/www.luzinterruptus.com\/works\/wp-content\/uploads\/2014\/09\/014-685x459.jpg 685w\" alt=\"014\" width=\"846\" height=\"567\" \/>Destellos del viento<\/a><\/p>\n<p><a href=\"https:\/\/www.luzinterruptus.com\/?p=85\"><img loading=\"lazy\" decoding=\"async\" class=\"aligncenter size-medium wp-image-3254\" src=\"https:\/\/www.luzinterruptus.com\/works\/wp-content\/uploads\/2014\/09\/20100719_0003-500x381.jpg\" sizes=\"(max-width: 500px) 100vw, 500px\" srcset=\"https:\/\/www.luzinterruptus.com\/works\/wp-content\/uploads\/2014\/09\/20100719_0003-500x381.jpg 500w, https:\/\/www.luzinterruptus.com\/works\/wp-content\/uploads\/2014\/09\/20100719_0003-1024x780.jpg 1024w, https:\/\/www.luzinterruptus.com\/works\/wp-content\/uploads\/2014\/09\/20100719_0003-223x170.jpg 223w, https:\/\/www.luzinterruptus.com\/works\/wp-content\/uploads\/2014\/09\/20100719_0003-167x127.jpg 167w, https:\/\/www.luzinterruptus.com\/works\/wp-content\/uploads\/2014\/09\/20100719_0003-344x262.jpg 344w, https:\/\/www.luzinterruptus.com\/works\/wp-content\/uploads\/2014\/09\/20100719_0003-283x215.jpg 283w, https:\/\/www.luzinterruptus.com\/works\/wp-content\/uploads\/2014\/09\/20100719_0003-685x521.jpg 685w, https:\/\/www.luzinterruptus.com\/works\/wp-content\/uploads\/2014\/09\/20100719_0003.jpg 1500w\" alt=\"Vaciando el museo\" width=\"500\" height=\"381\" \/><\/a><\/p>\n<p style=\"font-weight: 300;\"><a href=\"https:\/\/www.luzinterruptus.com\/?p=1863\"><img loading=\"lazy\" decoding=\"async\" class=\"aligncenter size-medium wp-image-3269\" src=\"https:\/\/www.luzinterruptus.com\/works\/wp-content\/uploads\/2014\/09\/06-500x366.jpg\" alt=\"Espacios de agua para pesca urbana\" width=\"500\" height=\"366\" \/>Espacios de agua para pesca urbana<\/a><a href=\"https:\/\/www.luzinterruptus.com\/?p=1873\"><img loading=\"lazy\" decoding=\"async\" class=\"aligncenter size-medium wp-image-3267\" src=\"https:\/\/www.luzinterruptus.com\/works\/wp-content\/uploads\/2014\/09\/03-500x375.jpg\" alt=\"Canalizaciones de luz\" width=\"500\" height=\"375\" \/>Canalizaciones de luz<\/a><\/p>\n<p style=\"font-weight: 300;\"><a href=\"https:\/\/www.luzinterruptus.com\/?p=2739\"><img loading=\"lazy\" decoding=\"async\" src=\"https:\/\/www.luzinterruptus.com\/works\/wp-content\/uploads\/2014\/09\/001-21-500x293.jpg\" alt=\"Piscina de luz sobre agua estancada\" width=\"500\" height=\"293\" \/>Piscina de luz sobre agua estancada<\/a><\/p>\n<p><a href=\"https:\/\/www.luzinterruptus.com\/?p=1819\"><img loading=\"lazy\" decoding=\"async\" class=\"aligncenter size-medium wp-image-3281\" src=\"https:\/\/www.luzinterruptus.com\/works\/wp-content\/uploads\/2014\/09\/puertas-500x400.jpg\" alt=\"Habitando fuentes\" width=\"500\" height=\"400\" \/>Habitando fuentes<\/a><br \/><a href=\"https:\/\/www.luzinterruptus.com\/?p=2016\"> <img loading=\"lazy\" decoding=\"async\" class=\"aligncenter size-medium wp-image-3280\" src=\"https:\/\/www.luzinterruptus.com\/works\/wp-content\/uploads\/2014\/09\/principal-HR-500x165.jpg\" alt=\"Habitando la luz urbana\" width=\"500\" height=\"165\" \/>Habitando la luz urbana<\/a><br \/><a href=\"https:\/\/www.luzinterruptus.com\/?p=2424\"> <img loading=\"lazy\" decoding=\"async\" class=\"aligncenter size-medium wp-image-3279\" src=\"https:\/\/www.luzinterruptus.com\/works\/wp-content\/uploads\/2014\/09\/principal-4-500x280.jpg\" alt=\"Manifestaci\u00f3n de coches fantasma en el espacio p\u00fablico\" width=\"500\" height=\"280\" \/>Manifestaci\u00f3n de coches fantasma en el espacio p\u00fablico<\/a><br \/><a href=\"https:\/\/www.luzinterruptus.com\/?p=2440\"> <img loading=\"lazy\" decoding=\"async\" class=\"aligncenter size-medium wp-image-3278\" src=\"https:\/\/www.luzinterruptus.com\/works\/wp-content\/uploads\/2014\/09\/principal-3-500x228.jpg\" alt=\"Celebrando el espacio p\u00fablico\" width=\"500\" height=\"228\" \/>Celebrando el espacio p\u00fablico<\/a><br \/><a href=\"https:\/\/www.luzinterruptus.com\/?p=1805\"> <img loading=\"lazy\" decoding=\"async\" class=\"aligncenter size-medium wp-image-3276\" src=\"https:\/\/www.luzinterruptus.com\/works\/wp-content\/uploads\/2014\/09\/detalleI-500x374.jpg\" alt=\"Unidos por la luz\" width=\"500\" height=\"374\" \/>Unidos por la luz<\/a><br \/><a href=\"https:\/\/www.luzinterruptus.com\/?p=2453\"><img loading=\"lazy\" decoding=\"async\" class=\"aligncenter size-medium wp-image-3275\" src=\"https:\/\/www.luzinterruptus.com\/works\/wp-content\/uploads\/2014\/09\/det-principal-2-500x375.jpg\" alt=\"Sombras urbanas\" width=\"500\" height=\"375\" \/>Sombras urbanas<\/a><a href=\"https:\/\/www.luzinterruptus.com\/?p=84\"><img loading=\"lazy\" decoding=\"async\" src=\"https:\/\/www.luzinterruptus.com\/works\/wp-content\/uploads\/2014\/09\/general-final-500x244.jpg\" alt=\"Al rev\u00e9s\" width=\"500\" height=\"244\" \/>Al rev\u00e9s <\/a><a href=\"https:\/\/www.luzinterruptus.com\/?p=2855\"><br \/><\/a><a href=\"https:\/\/www.luzinterruptus.com\/?p=81\"> <img loading=\"lazy\" decoding=\"async\" class=\"aligncenter size-medium wp-image-3282\" src=\"https:\/\/www.luzinterruptus.com\/works\/wp-content\/uploads\/2014\/09\/Sombras-500x351.jpg\" alt=\"Sombras inventadas\" width=\"500\" height=\"351\" \/>Sombras inventadas<\/a><a href=\"https:\/\/www.luzinterruptus.com\/?p=2855\"><img loading=\"lazy\" decoding=\"async\" src=\"https:\/\/www.luzinterruptus.com\/works\/wp-content\/uploads\/2016\/01\/det-principal.jpg\" alt=\"det-principal\" width=\"422\" height=\"306\" \/><\/a><br \/><a href=\"https:\/\/www.luzinterruptus.com\/?p=2855\"> Saliendo a flote<\/a><\/p>\n<p><a href=\"https:\/\/www.luzinterruptus.com\/?p=1831\"><img loading=\"lazy\" decoding=\"async\" class=\"aligncenter size-medium wp-image-3274\" src=\"https:\/\/www.luzinterruptus.com\/works\/wp-content\/uploads\/2014\/09\/det-lamp-II-500x336.jpg\" alt=\"L\u00e1mparas de bajo coste para iluminar espacios p\u00fablicos\" width=\"500\" height=\"336\" \/>L\u00e1mparas de bajo coste para iluminar espacios p\u00fablicos<\/a><\/p>\n<p><a href=\"https:\/\/www.luzinterruptus.com\/?p=80\"><img loading=\"lazy\" decoding=\"async\" class=\"aligncenter size-medium wp-image-3298\" src=\"https:\/\/www.luzinterruptus.com\/works\/wp-content\/uploads\/2014\/09\/elche-baja-1-500x382.jpg\" alt=\"Suavizando el gris urbano\" width=\"500\" height=\"382\" \/>Suavizando el gris urbano<\/a><\/p>\n<p><a href=\"https:\/\/www.luzinterruptus.com\/?p=82\"> <img loading=\"lazy\" decoding=\"async\" class=\"aligncenter size-medium wp-image-3273\" src=\"https:\/\/www.luzinterruptus.com\/works\/wp-content\/uploads\/2014\/09\/amsterdam-500x332.jpg\" alt=\"Vaciando de escombros la ciudad\" width=\"500\" height=\"332\" \/>Vaciando de escombros la ciudad<\/a><br \/><a href=\"https:\/\/www.luzinterruptus.com\/?p=64\"> <img loading=\"lazy\" decoding=\"async\" class=\"aligncenter size-medium wp-image-3302\" src=\"https:\/\/www.luzinterruptus.com\/works\/wp-content\/uploads\/2014\/09\/ropa-tendida-baja1-500x330.jpg\" alt=\"Luces y ropa tendida en el Guggenheim Museum de New York\" width=\"500\" height=\"330\" \/>Luces y ropa tendida en el Guggenheim Museum de New York<\/a><br \/><a href=\"https:\/\/www.luzinterruptus.com\/?p=63\"> <img loading=\"lazy\" decoding=\"async\" class=\"aligncenter size-medium wp-image-3304\" src=\"https:\/\/www.luzinterruptus.com\/works\/wp-content\/uploads\/2014\/09\/malas-hierbas-500x346.jpg\" alt=\"Luz y malas hierbas en Museo de Arte Contemporaneo\" width=\"500\" height=\"346\" \/>Luz y malas hierbas en Museo de Arte Contempor\u00e1neo<\/a><\/p>\n<\/td>\n<\/tr>\n<\/tbody>\n<\/table>\n","protected":false},"excerpt":{"rendered":"<p>Fuente pl\u00e1stica para un futuro sin agua Paisajes Tendidos. Intervenci\u00f3n bajamente tecnol\u00f3gica hecha con tela blanca, viento, luz y olor a limpio Habitando la luz urbana (Una acci\u00f3n par\u00e1sita para farolas) &nbsp; \u00c1rboles de Navidad que lucen sin consumir (Una acci\u00f3n par\u00e1sita para farolas) Mostrando lo que duele R\u00e1fagas de pl\u00e1stico que se escapan por &#8230; <a title=\"Proyectos\" class=\"read-more\" href=\"https:\/\/www.luzinterruptus.com\/?page_id=18870\" aria-label=\"Leer m\u00e1s sobre Proyectos\">Leer m\u00e1s<\/a><\/p>\n","protected":false},"author":1,"featured_media":0,"parent":0,"menu_order":0,"comment_status":"closed","ping_status":"closed","template":"","meta":{"footnotes":""},"class_list":["post-18870","page","type-page","status-publish"],"_links":{"self":[{"href":"https:\/\/www.luzinterruptus.com\/index.php?rest_route=\/wp\/v2\/pages\/18870","targetHints":{"allow":["GET"]}}],"collection":[{"href":"https:\/\/www.luzinterruptus.com\/index.php?rest_route=\/wp\/v2\/pages"}],"about":[{"href":"https:\/\/www.luzinterruptus.com\/index.php?rest_route=\/wp\/v2\/types\/page"}],"author":[{"embeddable":true,"href":"https:\/\/www.luzinterruptus.com\/index.php?rest_route=\/wp\/v2\/users\/1"}],"replies":[{"embeddable":true,"href":"https:\/\/www.luzinterruptus.com\/index.php?rest_route=%2Fwp%2Fv2%2Fcomments&post=18870"}],"version-history":[{"count":5,"href":"https:\/\/www.luzinterruptus.com\/index.php?rest_route=\/wp\/v2\/pages\/18870\/revisions"}],"predecessor-version":[{"id":18894,"href":"https:\/\/www.luzinterruptus.com\/index.php?rest_route=\/wp\/v2\/pages\/18870\/revisions\/18894"}],"wp:attachment":[{"href":"https:\/\/www.luzinterruptus.com\/index.php?rest_route=%2Fwp%2Fv2%2Fmedia&parent=18870"}],"curies":[{"name":"wp","href":"https:\/\/api.w.org\/{rel}","templated":true}]}}